
{"id":9,"date":"2015-02-17T18:08:32","date_gmt":"2015-02-17T18:08:32","guid":{"rendered":"https:\/\/avada.theme-fusion.com_demos\/hosting\/?page_id=9"},"modified":"2017-09-18T13:30:47","modified_gmt":"2017-09-18T13:30:47","slug":"home","status":"publish","type":"page","link":"https:\/\/ellart.pl\/","title":{"rendered":"Pracownia ellART"},"content":{"rendered":"<div class=\"fusion-fullwidth fullwidth-box fusion-fullwidth-1  fusion-parallax-none hundred-percent-fullwidth\" style=\"border-color:#eae9e9;border-bottom-width: 0px;border-top-width: 0px;border-bottom-style: solid;border-top-style: solid;padding-bottom:0px;padding-top:0px;padding-left:0px;padding-right:0px;background-color:#012440;\"><style type=\"text\/css\" scoped=\"scoped\">.fusion-fullwidth-1 {\n                            padding-left: 0px !important;\n                            padding-right: 0px !important;\n                        }<\/style><div class=\"fusion-row\"><div class=\"imageframe-align-center\"><span class=\"fusion-imageframe imageframe-none imageframe-1 hover-type-none\"> <img loading=\"lazy\" src=\"https:\/\/ellart.pl\/wp-content\/uploads\/2015\/02\/tlo2.jpg\" alt=\"\" width=\"1521\" height=\"520\"class=\"img-responsive wp-image-808\" srcset=\"https:\/\/ellart.pl\/wp-content\/uploads\/2015\/02\/tlo2-200x68.jpg 200w, https:\/\/ellart.pl\/wp-content\/uploads\/2015\/02\/tlo2-400x137.jpg 400w, https:\/\/ellart.pl\/wp-content\/uploads\/2015\/02\/tlo2-600x205.jpg 600w, https:\/\/ellart.pl\/wp-content\/uploads\/2015\/02\/tlo2-800x274.jpg 800w, https:\/\/ellart.pl\/wp-content\/uploads\/2015\/02\/tlo2-1200x410.jpg 1200w, https:\/\/ellart.pl\/wp-content\/uploads\/2015\/02\/tlo2.jpg 1521w\" sizes=\"(max-width: 800px) 100vw, 1100px\" \/><\/span><\/div><\/div><\/div><div class=\"fusion-fullwidth fullwidth-box fusion-fullwidth-2  fusion-parallax-none hundred-percent-fullwidth fusion-equal-height-columns\" style=\"border-color:#eae9e9;border-bottom-width: 0px;border-top-width: 0px;border-bottom-style: solid;border-top-style: solid;padding-bottom:0px;padding-top:0px;padding-left:;padding-right:;background-color:#f1574d;\"><style type=\"text\/css\" scoped=\"scoped\">.fusion-fullwidth-2 {\n                            padding-left: px !important;\n                            padding-right: px !important;\n                        }<\/style><div class=\"fusion-row\"><div class=\"fusion-one-fifth fusion-layout-column fusion-spacing-no fusion-hide-on-mobile\" style=\"margin-top:0px;margin-bottom:0px;\"><div class=\"fusion-column-wrapper\" style=\"background:url(https:\/\/ellart.pl\/wp-content\/uploads\/2015\/02\/f1.jpg) right top no-repeat #3d4c68;-webkit-background-size:cover;-moz-background-size:cover;-o-background-size:cover;background-size:cover;border:1px solid transparent;padding:0px;\" data-bg-url=\"https:\/\/ellart.pl\/wp-content\/uploads\/2015\/02\/f1.jpg\"><div class=\"fusion-clearfix\"><\/div><\/div><\/div><div class=\"fusion-one-fifth fusion-layout-column fusion-spacing-no\" style=\"margin-top:0px;margin-bottom:0px;\"><div class=\"fusion-column-wrapper\" style=\"background-color:#012440;padding:0px;\"><div class=\"fusion-sep-clear\"><\/div><div class=\"fusion-separator fusion-full-width-sep sep-none\" style=\"border-color:#e0dede;margin-left: auto;margin-right: auto;margin-top:20px;\"><\/div><div class=\"imageframe-align-center\"><span class=\"fusion-imageframe imageframe-none imageframe-2 hover-type-none\"> <img loading=\"lazy\" src=\"https:\/\/ellart.pl\/wp-content\/uploads\/2015\/02\/element1.jpg\" alt=\"\" width=\"230\" height=\"34\"class=\"img-responsive wp-image-811\" srcset=\"https:\/\/ellart.pl\/wp-content\/uploads\/2015\/02\/element1-200x30.jpg 200w, https:\/\/ellart.pl\/wp-content\/uploads\/2015\/02\/element1.jpg 230w\" sizes=\"(max-width: 800px) 100vw, 1100px\" \/><\/span><\/div><div class=\"fusion-sep-clear\"><\/div><div class=\"fusion-separator fusion-full-width-sep sep-none\" style=\"border-color:#e0dede;margin-left: auto;margin-right: auto;margin-top:60px;\"><\/div><h3 style=\"text-align: center;\"><span style=\"color: #ffffff;\">Dla os\u00f3b prywatnych<\/span><br \/>\n<span style=\"color: #ffffff;\"> oraz firm<\/span><br \/>\n<span style=\"color: #ffffff;\"> produkcyjnych<\/span><\/h3>\n<div class=\"fusion-sep-clear\"><\/div><div class=\"fusion-separator fusion-full-width-sep sep-none\" style=\"border-color:#e0dede;margin-left: auto;margin-right: auto;margin-top:60px;\"><\/div><div class=\"imageframe-align-center\"><span class=\"fusion-imageframe imageframe-none imageframe-3 hover-type-none\"> <img loading=\"lazy\" src=\"https:\/\/ellart.pl\/wp-content\/uploads\/2015\/02\/element1.jpg\" alt=\"\" width=\"230\" height=\"34\"class=\"img-responsive wp-image-811\" srcset=\"https:\/\/ellart.pl\/wp-content\/uploads\/2015\/02\/element1-200x30.jpg 200w, https:\/\/ellart.pl\/wp-content\/uploads\/2015\/02\/element1.jpg 230w\" sizes=\"(max-width: 800px) 100vw, 1100px\" \/><\/span><\/div><div class=\"fusion-sep-clear\"><\/div><div class=\"fusion-separator fusion-full-width-sep sep-none\" style=\"border-color:#e0dede;margin-left: auto;margin-right: auto;margin-top:20px;\"><\/div><div class=\"fusion-clearfix\"><\/div><\/div><\/div><div class=\"fusion-one-fifth fusion-layout-column fusion-spacing-no fusion-hide-on-mobile\" style=\"margin-top:0px;margin-bottom:0px;\"><div class=\"fusion-column-wrapper\" style=\"background:url(https:\/\/ellart.pl\/wp-content\/uploads\/2015\/02\/f3.jpg) left top no-repeat #3d4c68;-webkit-background-size:cover;-moz-background-size:cover;-o-background-size:cover;background-size:cover;padding:0px;\" data-bg-url=\"https:\/\/ellart.pl\/wp-content\/uploads\/2015\/02\/f3.jpg\"><div class=\"fusion-clearfix\"><\/div><\/div><\/div><div class=\"fusion-one-fifth fusion-layout-column fusion-spacing-no fusion-hide-on-mobile\" style=\"margin-top:0px;margin-bottom:0px;\"><div class=\"fusion-column-wrapper\" style=\"background:url(https:\/\/ellart.pl\/wp-content\/uploads\/2015\/02\/f4.jpg) left top no-repeat #3d4c68;-webkit-background-size:cover;-moz-background-size:cover;-o-background-size:cover;background-size:cover;padding:0px;\" data-bg-url=\"https:\/\/ellart.pl\/wp-content\/uploads\/2015\/02\/f4.jpg\"><div class=\"fusion-clearfix\"><\/div><\/div><\/div><div class=\"fusion-one-fifth fusion-layout-column fusion-column-last fusion-spacing-no fusion-hide-on-mobile\" style=\"margin-top:0px;margin-bottom:0px;\"><div class=\"fusion-column-wrapper\" style=\"background:url(https:\/\/ellart.pl\/wp-content\/uploads\/2015\/02\/f5.jpg) left top no-repeat #3d4c68;-webkit-background-size:cover;-moz-background-size:cover;-o-background-size:cover;background-size:cover;padding:0px;\" data-bg-url=\"https:\/\/ellart.pl\/wp-content\/uploads\/2015\/02\/f5.jpg\"><div class=\"fusion-clearfix\"><\/div><\/div><\/div><div class=\"fusion-clearfix\"><\/div><\/div><\/div><div class=\"fusion-fullwidth fullwidth-box fusion-fullwidth-3  fusion-parallax-none nonhundred-percent-fullwidth\" style=\"border-color:#eae9e9;border-bottom-width: 0px;border-top-width: 0px;border-bottom-style: solid;border-top-style: solid;padding-bottom:150px;padding-top:150px;padding-left:;padding-right:;background-color:#ae2434;background-position:center bottom;background-repeat:no-repeat;-webkit-background-size:cover;-moz-background-size:cover;-o-background-size:cover;background-size:cover;-ms-filter: &quot;progid:DXImageTransform.Microsoft.AlphaImageLoader(src=&#039;https:\/\/ellart.pl\/wp-content\/uploads\/2015\/02\/tlo3.jpg&#039;, sizingMethod=&#039;scale&#039;)&quot;;background-image: url(https:\/\/ellart.pl\/wp-content\/uploads\/2015\/02\/tlo3.jpg);\"><style type=\"text\/css\" scoped=\"scoped\">.fusion-fullwidth-3 {\n                            padding-left: px !important;\n                            padding-right: px !important;\n                        }<\/style><div class=\"fusion-row\"><div class=\"fusion-one-half fusion-layout-column fusion-spacing-no\" style=\"margin-top:0px;margin-bottom:20px;\"><div class=\"fusion-column-wrapper\"><span style=\"margin-right:25px;float:left;\" class=\"fusion-imageframe imageframe-none imageframe-4 hover-type-none\"> <img loading=\"lazy\" src=\"https:\/\/ellart.pl\/wp-content\/uploads\/2015\/02\/fotax.png\" alt=\"\" width=\"565\" height=\"516\"class=\"img-responsive wp-image-828\" srcset=\"https:\/\/ellart.pl\/wp-content\/uploads\/2015\/02\/fotax-200x183.png 200w, https:\/\/ellart.pl\/wp-content\/uploads\/2015\/02\/fotax-400x365.png 400w, https:\/\/ellart.pl\/wp-content\/uploads\/2015\/02\/fotax.png 565w\" sizes=\"(max-width: 800px) 100vw, 1100px\" \/><\/span><div class=\"fusion-clearfix\"><\/div><\/div><\/div><div class=\"fusion-one-half fusion-layout-column fusion-column-last fusion-spacing-yes\" style=\"margin-top:0px;margin-bottom:0px;\"><div class=\"fusion-column-wrapper\" style=\"padding:0px;\"><div class=\"imageframe-align-center\"><span class=\"fusion-imageframe imageframe-none imageframe-5 hover-type-none\"> <img loading=\"lazy\" src=\"https:\/\/ellart.pl\/wp-content\/uploads\/2015\/02\/d3b.png\" alt=\"\" width=\"205\" height=\"25\"class=\"img-responsive wp-image-833\" srcset=\"https:\/\/ellart.pl\/wp-content\/uploads\/2015\/02\/d3b-200x24.png 200w, https:\/\/ellart.pl\/wp-content\/uploads\/2015\/02\/d3b.png 205w\" sizes=\"(max-width: 800px) 100vw, 1100px\" \/><\/span><\/div><div class=\"fusion-sep-clear\"><\/div><div class=\"fusion-separator fusion-full-width-sep sep-none\" style=\"border-color:#e0dede;margin-left: auto;margin-right: auto;margin-top:10px;\"><\/div><h3 style=\"text-align: center;\"><span style=\"color: #ffffff;\">SERDECZNIE WITAMY NA STRONACH<\/span><br \/>\n<span style=\"color: #ffffff;\">PRACOWNI ELLART<\/span><\/h3>\n<div class=\"fusion-sep-clear\"><\/div><div class=\"fusion-separator fusion-full-width-sep sep-none\" style=\"border-color:#e0dede;margin-left: auto;margin-right: auto;margin-top:10px;\"><\/div><div class=\"imageframe-align-center\"><span class=\"fusion-imageframe imageframe-none imageframe-6 hover-type-none\"> <img loading=\"lazy\" src=\"https:\/\/ellart.pl\/wp-content\/uploads\/2015\/02\/d3b.png\" alt=\"\" width=\"205\" height=\"25\"class=\"img-responsive wp-image-833\" srcset=\"https:\/\/ellart.pl\/wp-content\/uploads\/2015\/02\/d3b-200x24.png 200w, https:\/\/ellart.pl\/wp-content\/uploads\/2015\/02\/d3b.png 205w\" sizes=\"(max-width: 800px) 100vw, 1100px\" \/><\/span><\/div><div class=\"fusion-sep-clear\"><\/div><div class=\"fusion-separator fusion-full-width-sep sep-none\" style=\"border-color:#e0dede;margin-left: auto;margin-right: auto;margin-top:35px;\"><\/div><p style=\"text-align: center;\"><span style=\"color: #ffffff;\">Nasza pracownia zajmuje si\u0119 artystycznym zdobieniem i malowaniem szk\u0142a w r\u00f3\u017cnej postaci. Wszystkie prace s\u0105 wykonywane r\u0119cznie wed\u0142ug projektu w\u0142asnego lub projektu powierzonego.<\/span><\/p>\n<p style=\"text-align: center;\"><span style=\"color: #ffffff;\">Ofert\u0119 nasz\u0105 kierujemy do os\u00f3b prywatnych, jak te\u017c firm produkuj\u0105cych stolark\u0119 drewnian\u0105 i PCV, handlowc\u00f3w i projektant\u00f3w, zainteresowanych wykorzystaniem walor\u00f3w dekoracyjno-u\u0142ytkowych naszych wyrob\u00f3w w istniej\u0105cych i nowowobudowanych obiektach mieszkalnych, sakralnych i publicznych.<\/span><\/p>\n<div class=\"fusion-sep-clear\"><\/div><div class=\"fusion-separator fusion-full-width-sep sep-none\" style=\"border-color:#e0dede;margin-left: auto;margin-right: auto;margin-top:25px;\"><\/div><div class=\"fusion-button-wrapper fusion-aligncenter\"><style type=\"text\/css\" scoped=\"scoped\">.fusion-button.button-1 .fusion-button-text, .fusion-button.button-1 i {color:#e4ae6f;}.fusion-button.button-1 {border-width:2px;border-color:#e4ae6f;}.fusion-button.button-1 .fusion-button-icon-divider{border-color:#e4ae6f;}.fusion-button.button-1:hover .fusion-button-text, .fusion-button.button-1:hover i,.fusion-button.button-1:focus .fusion-button-text, .fusion-button.button-1:focus i,.fusion-button.button-1:active .fusion-button-text, .fusion-button.button-1:active{color:#ffffff;}.fusion-button.button-1:hover, .fusion-button.button-1:focus, .fusion-button.button-1:active{border-width:2px;border-color:#ffffff;}.fusion-button.button-1:hover .fusion-button-icon-divider, .fusion-button.button-1:hover .fusion-button-icon-divider, .fusion-button.button-1:active .fusion-button-icon-divider{border-color:#ffffff;}.fusion-button.button-1{background: #af2434;}.fusion-button.button-1:hover,.button-1:focus,.fusion-button.button-1:active{background: #af2434;}.fusion-button.button-1{width:auto;}<\/style><a class=\"fusion-button button-flat button-square button-large button-custom button-1\" target=\"_self\" href=\"https:\/\/ellart.pl\/?page_id=891\"><span class=\"fusion-button-text\">Przejd\u017a do oferty<\/span><\/a><\/div><div class=\"fusion-clearfix\"><\/div><\/div><\/div><div class=\"fusion-clearfix\"><\/div><\/div><\/div><div class=\"fusion-fullwidth fullwidth-box fusion-fullwidth-4  fusion-parallax-none hundred-percent-fullwidth\" style=\"border-color:#eae9e9;border-bottom-width: 0px;border-top-width: 0px;border-bottom-style: solid;border-top-style: solid;padding-bottom:3px;padding-top:0px;padding-left:0px;padding-right:0px;background-color:rgba(255,255,255,0);\"><style type=\"text\/css\" scoped=\"scoped\">.fusion-fullwidth-4 {\n                            padding-left: 0px !important;\n                            padding-right: 0px !important;\n                        }<\/style><div class=\"fusion-row\"><div class=\"imageframe-align-center\"><span class=\"fusion-imageframe imageframe-none imageframe-7 hover-type-none\"> <img loading=\"lazy\" src=\"https:\/\/ellart.pl\/wp-content\/uploads\/2015\/02\/CIEN2.jpg\" alt=\"\" width=\"1440\" height=\"53\"class=\"img-responsive wp-image-844\" srcset=\"https:\/\/ellart.pl\/wp-content\/uploads\/2015\/02\/CIEN2-200x7.jpg 200w, https:\/\/ellart.pl\/wp-content\/uploads\/2015\/02\/CIEN2-400x15.jpg 400w, https:\/\/ellart.pl\/wp-content\/uploads\/2015\/02\/CIEN2-600x22.jpg 600w, https:\/\/ellart.pl\/wp-content\/uploads\/2015\/02\/CIEN2-800x29.jpg 800w, https:\/\/ellart.pl\/wp-content\/uploads\/2015\/02\/CIEN2-1200x44.jpg 1200w, https:\/\/ellart.pl\/wp-content\/uploads\/2015\/02\/CIEN2.jpg 1440w\" sizes=\"(max-width: 800px) 100vw, 1100px\" \/><\/span><\/div><\/div><\/div><div class=\"fusion-fullwidth fullwidth-box fusion-fullwidth-5  fusion-parallax-none nonhundred-percent-fullwidth fusion-equal-height-columns\" style=\"border-color:#eae9e9;border-bottom-width: 0px;border-top-width: 0px;border-bottom-style: solid;border-top-style: solid;padding-bottom:0px;padding-top:20px;padding-left:0px;padding-right:0px;background-color:#ffffff;\"><style type=\"text\/css\" scoped=\"scoped\">.fusion-fullwidth-5 {\n                            padding-left: 0px !important;\n                            padding-right: 0px !important;\n                        }<\/style><div class=\"fusion-row\"><div class=\"fusion-one-half fusion-layout-column fusion-spacing-no\" style=\"margin-top:0px;margin-bottom:0px;\"><div class=\"fusion-column-wrapper\" style=\"background:url(https:\/\/ellart.pl\/wp-content\/uploads\/2015\/02\/grafa3.jpg) left top no-repeat ;-webkit-background-size:cover;-moz-background-size:cover;-o-background-size:cover;background-size:cover;padding:0px;\" data-bg-url=\"https:\/\/ellart.pl\/wp-content\/uploads\/2015\/02\/grafa3.jpg\"><div class=\"fusion-sep-clear\"><\/div><div class=\"fusion-separator fusion-full-width-sep sep-none\" style=\"border-color:#e0dede;margin-left: auto;margin-right: auto;margin-top:60px;\"><\/div><h2 style=\"text-align: center;\"><span style=\"color: #ffffff;\">ZAINSPIRUJ SI\u0118!<\/span><\/h2>\n<div class=\"fusion-sep-clear\"><\/div><div class=\"fusion-separator fusion-full-width-sep sep-none\" style=\"border-color:#e0dede;margin-left: auto;margin-right: auto;margin-top:20px;\"><\/div><div class=\"imageframe-align-center\"><span class=\"fusion-imageframe imageframe-none imageframe-8 hover-type-none\"> <img loading=\"lazy\" src=\"https:\/\/ellart.pl\/wp-content\/uploads\/2015\/02\/d3b.png\" alt=\"\" width=\"205\" height=\"25\"class=\"img-responsive wp-image-833\" srcset=\"https:\/\/ellart.pl\/wp-content\/uploads\/2015\/02\/d3b-200x24.png 200w, https:\/\/ellart.pl\/wp-content\/uploads\/2015\/02\/d3b.png 205w\" sizes=\"(max-width: 800px) 100vw, 1100px\" \/><\/span><\/div><div class=\"fusion-sep-clear\"><\/div><div class=\"fusion-separator fusion-full-width-sep sep-none\" style=\"border-color:#e0dede;margin-left: auto;margin-right: auto;margin-top:20px;\"><\/div><h3 style=\"text-align: center;\"><span style=\"color: #ffffff;\">Zapraszamy do naszej galerii<\/span><br \/>\n<span style=\"color: #ffffff;\"> gdzie znajdziesz nasze dotychczas<\/span><br \/>\n<span style=\"color: #ffffff;\"> wykonane realizacje.<\/span><\/h3>\n<div class=\"fusion-sep-clear\"><\/div><div class=\"fusion-separator fusion-full-width-sep sep-none\" style=\"border-color:#e0dede;margin-left: auto;margin-right: auto;margin-top:27px;\"><\/div><div class=\"imageframe-align-center\"><span class=\"fusion-imageframe imageframe-none imageframe-9 hover-type-none\"> <img loading=\"lazy\" src=\"https:\/\/ellart.pl\/wp-content\/uploads\/2015\/02\/d3b.png\" alt=\"\" width=\"205\" height=\"25\"class=\"img-responsive wp-image-833\" srcset=\"https:\/\/ellart.pl\/wp-content\/uploads\/2015\/02\/d3b-200x24.png 200w, https:\/\/ellart.pl\/wp-content\/uploads\/2015\/02\/d3b.png 205w\" sizes=\"(max-width: 800px) 100vw, 1100px\" \/><\/span><\/div><div class=\"fusion-sep-clear\"><\/div><div class=\"fusion-separator fusion-full-width-sep sep-none\" style=\"border-color:#e0dede;margin-left: auto;margin-right: auto;margin-top:47px;\"><\/div><div class=\"fusion-button-wrapper fusion-aligncenter\"><style type=\"text\/css\" scoped=\"scoped\">.fusion-button.button-2 .fusion-button-text, .fusion-button.button-2 i {color:#e4ae6f;}.fusion-button.button-2 {border-width:2px;border-color:#e4ae6f;}.fusion-button.button-2 .fusion-button-icon-divider{border-color:#e4ae6f;}.fusion-button.button-2:hover .fusion-button-text, .fusion-button.button-2:hover i,.fusion-button.button-2:focus .fusion-button-text, .fusion-button.button-2:focus i,.fusion-button.button-2:active .fusion-button-text, .fusion-button.button-2:active{color:#ffffff;}.fusion-button.button-2:hover, .fusion-button.button-2:focus, .fusion-button.button-2:active{border-width:2px;border-color:#ffffff;}.fusion-button.button-2:hover .fusion-button-icon-divider, .fusion-button.button-2:hover .fusion-button-icon-divider, .fusion-button.button-2:active .fusion-button-icon-divider{border-color:#ffffff;}.fusion-button.button-2{background: #183b50;}.fusion-button.button-2:hover,.button-2:focus,.fusion-button.button-2:active{background: #183b50;}.fusion-button.button-2{width:auto;}<\/style><a class=\"fusion-button button-flat button-square button-large button-custom button-2\" target=\"_self\" href=\"https:\/\/ellart.pl\/?page_id=913\"><span class=\"fusion-button-text\">Przejd\u017a do galerii<\/span><\/a><\/div><div class=\"fusion-sep-clear\"><\/div><div class=\"fusion-separator fusion-full-width-sep sep-none\" style=\"border-color:#e0dede;margin-left: auto;margin-right: auto;margin-top:60px;\"><\/div><div class=\"fusion-clearfix\"><\/div><\/div><\/div><div class=\"fusion-one-half fusion-layout-column fusion-column-last fusion-spacing-no\" style=\"margin-top:0px;margin-bottom:20px;\"><div class=\"fusion-column-wrapper\" style=\"background:url(https:\/\/ellart.pl\/wp-content\/uploads\/2015\/02\/grafa2.jpg) left top no-repeat ;-webkit-background-size:cover;-moz-background-size:cover;-o-background-size:cover;background-size:cover;\" data-bg-url=\"https:\/\/ellart.pl\/wp-content\/uploads\/2015\/02\/grafa2.jpg\"><div class=\"fusion-clearfix\"><\/div><\/div><\/div><div class=\"fusion-clearfix\"><\/div><\/div><\/div><div class=\"fusion-fullwidth fullwidth-box fusion-fullwidth-6  fusion-parallax-none hundred-percent-fullwidth\" style=\"border-color:#eae9e9;border-bottom-width: 0px;border-top-width: 0px;border-bottom-style: solid;border-top-style: solid;padding-bottom:0px;padding-top:40px;padding-left:0px;padding-right:0px;background-color:rgba(255,255,255,0);\"><style type=\"text\/css\" scoped=\"scoped\">.fusion-fullwidth-6 {\n                            padding-left: 0px !important;\n                            padding-right: 0px !important;\n                        }<\/style><div class=\"fusion-row\"><h4 style=\"text-align: center;\"><span style=\"color: #002440;\">Zapraszamy do wsp\u00f3\u0142pracy.<\/span><\/h4>\n<\/div><\/div><div class=\"fusion-fullwidth fullwidth-box fusion-fullwidth-7  fusion-parallax-none hundred-percent-fullwidth\" style=\"border-color:#eae9e9;border-bottom-width: 0px;border-top-width: 0px;border-bottom-style: solid;border-top-style: solid;padding-bottom:0px;padding-top:0px;padding-left:0px;padding-right:0px;background-color:rgba(255,255,255,0);\"><style type=\"text\/css\" scoped=\"scoped\">.fusion-fullwidth-7 {\n                            padding-left: 0px !important;\n                            padding-right: 0px !important;\n                        }<\/style><div class=\"fusion-row\"><div class=\"fusion-sep-clear\"><\/div><div class=\"fusion-separator fusion-full-width-sep sep-none\" style=\"border-color:#e0dede;margin-left: auto;margin-right: auto;margin-top:22px;\"><\/div><div class=\"imageframe-align-center\"><span class=\"fusion-imageframe imageframe-none imageframe-10 hover-type-none\"> <img loading=\"lazy\" src=\"https:\/\/ellart.pl\/wp-content\/uploads\/2015\/02\/pedzel.jpg\" alt=\"\" width=\"1920\" height=\"34\"class=\"img-responsive wp-image-852\" srcset=\"https:\/\/ellart.pl\/wp-content\/uploads\/2015\/02\/pedzel-200x4.jpg 200w, https:\/\/ellart.pl\/wp-content\/uploads\/2015\/02\/pedzel-400x7.jpg 400w, https:\/\/ellart.pl\/wp-content\/uploads\/2015\/02\/pedzel-600x11.jpg 600w, https:\/\/ellart.pl\/wp-content\/uploads\/2015\/02\/pedzel-800x14.jpg 800w, https:\/\/ellart.pl\/wp-content\/uploads\/2015\/02\/pedzel-1200x21.jpg 1200w, https:\/\/ellart.pl\/wp-content\/uploads\/2015\/02\/pedzel.jpg 1920w\" sizes=\"(max-width: 800px) 100vw, 1100px\" \/><\/span><\/div><div class=\"fusion-sep-clear\"><\/div><div class=\"fusion-separator fusion-full-width-sep sep-none\" style=\"border-color:#e0dede;margin-left: auto;margin-right: auto;margin-top:22px;\"><\/div><\/div><\/div><div class=\"fusion-fullwidth fullwidth-box fusion-fullwidth-8  fusion-parallax-none hundred-percent-fullwidth\" style=\"border-color:#eae9e9;border-bottom-width: 0px;border-top-width: 0px;border-bottom-style: solid;border-top-style: solid;padding-bottom:0px;padding-top:0px;padding-left:0px;padding-right:0px;background-color:rgba(255,255,255,0);\"><style type=\"text\/css\" scoped=\"scoped\">.fusion-fullwidth-8 {\n                            padding-left: 0px !important;\n                            padding-right: 0px !important;\n                        }<\/style><div class=\"fusion-row\"><p style=\"text-align: center;\"><span style=\"color: #002440;\"><strong>Adres:<\/strong><\/span><br \/>\n<span style=\"color: #002440;\">Chorzel\u00f3w 382, 39-331 Chorzel\u00f3w<\/span><\/p>\n<p style=\"text-align: center;\"><span style=\"color: #002440;\">tel. +48 17 583 66 71<\/span><br \/>\n<span style=\"color: #002440;\">e-mail: <span style=\"color: #4581ba;\"><a style=\"color: #4581ba;\" href=\"mailto:info@ellart.pl\">info@ellart.pl<\/a><\/span><\/span><\/p>\n<div class=\"fusion-button-wrapper fusion-aligncenter\"><style type=\"text\/css\" scoped=\"scoped\">.fusion-button.button-3 .fusion-button-text, .fusion-button.button-3 i {color:#002440;}.fusion-button.button-3 {border-width:2px;border-color:#002440;}.fusion-button.button-3 .fusion-button-icon-divider{border-color:#002440;}.fusion-button.button-3:hover .fusion-button-text, .fusion-button.button-3:hover i,.fusion-button.button-3:focus .fusion-button-text, .fusion-button.button-3:focus i,.fusion-button.button-3:active .fusion-button-text, .fusion-button.button-3:active{color:#005393;}.fusion-button.button-3:hover, .fusion-button.button-3:focus, .fusion-button.button-3:active{border-width:2px;border-color:#005393;}.fusion-button.button-3:hover .fusion-button-icon-divider, .fusion-button.button-3:hover .fusion-button-icon-divider, .fusion-button.button-3:active .fusion-button-icon-divider{border-color:#005393;}.fusion-button.button-3{background: #ffffff;}.fusion-button.button-3:hover,.button-3:focus,.fusion-button.button-3:active{background: #ffffff;}.fusion-button.button-3{width:auto;}<\/style><a class=\"fusion-button button-flat button-square button-large button-custom button-3\" target=\"_self\" href=\"https:\/\/ellart.pl\/?page_id=948\"><span class=\"fusion-button-text\">Przejd\u017a do kontaktu<\/span><\/a><\/div><div class=\"fusion-sep-clear\"><\/div><div class=\"fusion-separator fusion-full-width-sep sep-none\" style=\"border-color:#e0dede;margin-left: auto;margin-right: auto;margin-top:69px;\"><\/div><\/div><\/div>\n","protected":false},"excerpt":{"rendered":"","protected":false},"author":1,"featured_media":0,"parent":0,"menu_order":0,"comment_status":"closed","ping_status":"open","template":"100-width.php","meta":[],"_links":{"self":[{"href":"https:\/\/ellart.pl\/index.php?rest_route=\/wp\/v2\/pages\/9"}],"collection":[{"href":"https:\/\/ellart.pl\/index.php?rest_route=\/wp\/v2\/pages"}],"about":[{"href":"https:\/\/ellart.pl\/index.php?rest_route=\/wp\/v2\/types\/page"}],"author":[{"embeddable":true,"href":"https:\/\/ellart.pl\/index.php?rest_route=\/wp\/v2\/users\/1"}],"replies":[{"embeddable":true,"href":"https:\/\/ellart.pl\/index.php?rest_route=%2Fwp%2Fv2%2Fcomments&post=9"}],"version-history":[{"count":34,"href":"https:\/\/ellart.pl\/index.php?rest_route=\/wp\/v2\/pages\/9\/revisions"}],"predecessor-version":[{"id":1268,"href":"https:\/\/ellart.pl\/index.php?rest_route=\/wp\/v2\/pages\/9\/revisions\/1268"}],"wp:attachment":[{"href":"https:\/\/ellart.pl\/index.php?rest_route=%2Fwp%2Fv2%2Fmedia&parent=9"}],"curies":[{"name":"wp","href":"https:\/\/api.w.org\/{rel}","templated":true}]}}