
{"id":891,"date":"2017-08-23T12:32:19","date_gmt":"2017-08-23T12:32:19","guid":{"rendered":"https:\/\/ellart.pl\/?page_id=891"},"modified":"2017-09-18T13:34:50","modified_gmt":"2017-09-18T13:34:50","slug":"oferta","status":"publish","type":"page","link":"https:\/\/ellart.pl\/?page_id=891","title":{"rendered":"Oferta"},"content":{"rendered":"<div class=\"fusion-fullwidth fullwidth-box fusion-fullwidth-1  fusion-parallax-none hundred-percent-fullwidth\" style=\"border-color:#eae9e9;border-bottom-width: 0px;border-top-width: 0px;border-bottom-style: solid;border-top-style: solid;padding-bottom:0px;padding-top:0px;padding-left:0px;padding-right:0px;background-color:#002440;background-position:center center;background-repeat:no-repeat;-webkit-background-size:cover;-moz-background-size:cover;-o-background-size:cover;background-size:cover;-ms-filter: &quot;progid:DXImageTransform.Microsoft.AlphaImageLoader(src=&#039;https:\/\/ellart.pl\/wp-content\/uploads\/2017\/08\/oferta_tlo.jpg&#039;, sizingMethod=&#039;scale&#039;)&quot;;background-image: url(https:\/\/ellart.pl\/wp-content\/uploads\/2017\/08\/oferta_tlo.jpg);\"><style type=\"text\/css\" scoped=\"scoped\">.fusion-fullwidth-1 {\n                            padding-left: 0px !important;\n                            padding-right: 0px !important;\n                        }<\/style><div class=\"fusion-row\"><div class=\"fusion-one-full fusion-layout-column fusion-column-last fusion-spacing-no\" style=\"margin-top:0px;margin-bottom:0px;\"><div class=\"fusion-column-wrapper\" style=\"padding:0px;\"><div class=\"fusion-sep-clear\"><\/div><div class=\"fusion-separator fusion-full-width-sep sep-none\" style=\"border-color:#e0dede;margin-left: auto;margin-right: auto;margin-top:45px;\"><\/div><div class=\"imageframe-align-center\"><span class=\"fusion-imageframe imageframe-none imageframe-1 hover-type-none\"> <img loading=\"lazy\" src=\"https:\/\/ellart.pl\/wp-content\/uploads\/2015\/02\/d3b.png\" alt=\"\" width=\"205\" height=\"25\"class=\"img-responsive wp-image-833\" srcset=\"https:\/\/ellart.pl\/wp-content\/uploads\/2015\/02\/d3b-200x24.png 200w, https:\/\/ellart.pl\/wp-content\/uploads\/2015\/02\/d3b.png 205w\" sizes=\"(max-width: 800px) 100vw, 1100px\" \/><\/span><\/div><div class=\"fusion-sep-clear\"><\/div><div class=\"fusion-separator fusion-full-width-sep sep-none\" style=\"border-color:#e0dede;margin-left: auto;margin-right: auto;margin-top:20px;\"><\/div><div class=\"imageframe-align-center\"><span class=\"fusion-imageframe imageframe-none imageframe-2 hover-type-none\"> <img loading=\"lazy\" src=\"https:\/\/ellart.pl\/wp-content\/uploads\/2017\/08\/of.png\" alt=\"\" width=\"405\" height=\"70\"class=\"img-responsive wp-image-893\" srcset=\"https:\/\/ellart.pl\/wp-content\/uploads\/2017\/08\/of-200x35.png 200w, https:\/\/ellart.pl\/wp-content\/uploads\/2017\/08\/of-400x69.png 400w, https:\/\/ellart.pl\/wp-content\/uploads\/2017\/08\/of.png 405w\" sizes=\"(max-width: 800px) 100vw, 1100px\" \/><\/span><\/div><div class=\"fusion-sep-clear\"><\/div><div class=\"fusion-separator fusion-full-width-sep sep-none\" style=\"border-color:#e0dede;margin-left: auto;margin-right: auto;margin-top:20px;\"><\/div><div class=\"imageframe-align-center\"><span class=\"fusion-imageframe imageframe-none imageframe-3 hover-type-none\"> <img loading=\"lazy\" src=\"https:\/\/ellart.pl\/wp-content\/uploads\/2015\/02\/d3b.png\" alt=\"\" width=\"205\" height=\"25\"class=\"img-responsive wp-image-833\" srcset=\"https:\/\/ellart.pl\/wp-content\/uploads\/2015\/02\/d3b-200x24.png 200w, https:\/\/ellart.pl\/wp-content\/uploads\/2015\/02\/d3b.png 205w\" sizes=\"(max-width: 800px) 100vw, 1100px\" \/><\/span><\/div><div class=\"fusion-sep-clear\"><\/div><div class=\"fusion-separator fusion-full-width-sep sep-none\" style=\"border-color:#e0dede;margin-left: auto;margin-right: auto;margin-top:45px;\"><\/div><div class=\"fusion-clearfix\"><\/div><\/div><\/div><div class=\"fusion-clearfix\"><\/div><\/div><\/div><div class=\"fusion-fullwidth fullwidth-box fusion-fullwidth-2  fusion-parallax-none nonhundred-percent-fullwidth\" style=\"border-color:#eae9e9;border-bottom-width: 0px;border-top-width: 0px;border-bottom-style: solid;border-top-style: solid;padding-bottom:20px;padding-top:36px;padding-left:;padding-right:;background-color:#ffffff;\"><style type=\"text\/css\" scoped=\"scoped\">.fusion-fullwidth-2 {\n                            padding-left: px !important;\n                            padding-right: px !important;\n                        }<\/style><div class=\"fusion-row\"><div class=\"fusion-one-full fusion-layout-column fusion-column-last fusion-spacing-yes\" style=\"margin-top:0px;margin-bottom:0px;\"><div class=\"fusion-column-wrapper\" style=\"padding:0px;\"><h3 style=\"text-align: center;\"><span style=\"color: #002440;\">NASZYM KLIENTOM OFERUJEMY<\/span><\/h3>\n<div class=\"fusion-sep-clear\"><\/div><div class=\"fusion-separator fusion-full-width-sep sep-none\" style=\"border-color:#e0dede;margin-left: auto;margin-right: auto;margin-top:27px;\"><\/div><div class=\"imageframe-align-center\"><span class=\"fusion-imageframe imageframe-none imageframe-4 hover-type-none\"> <img loading=\"lazy\" src=\"https:\/\/ellart.pl\/wp-content\/uploads\/2015\/02\/d3b.png\" alt=\"\" width=\"205\" height=\"25\"class=\"img-responsive wp-image-833\" srcset=\"https:\/\/ellart.pl\/wp-content\/uploads\/2015\/02\/d3b-200x24.png 200w, https:\/\/ellart.pl\/wp-content\/uploads\/2015\/02\/d3b.png 205w\" sizes=\"(max-width: 800px) 100vw, 1100px\" \/><\/span><\/div><div class=\"fusion-sep-clear\"><\/div><div class=\"fusion-separator fusion-full-width-sep sep-none\" style=\"border-color:#e0dede;margin-left: auto;margin-right: auto;margin-top:50px;\"><\/div><div class=\"fusion-clearfix\"><\/div><\/div><\/div><div class=\"fusion-clearfix\"><\/div><div class=\"fusion-one-half fusion-layout-column fusion-spacing-yes\" style=\"margin-top:0px;margin-bottom:20px;\"><div class=\"fusion-column-wrapper\"><span style=\"margin-right:25px;float:left;\" class=\"fusion-imageframe imageframe-none imageframe-5 hover-type-none\"> <img loading=\"lazy\" src=\"https:\/\/ellart.pl\/wp-content\/uploads\/2017\/08\/og1.jpg\" alt=\"\" width=\"603\" height=\"427\"class=\"img-responsive wp-image-896\" srcset=\"https:\/\/ellart.pl\/wp-content\/uploads\/2017\/08\/og1-200x142.jpg 200w, https:\/\/ellart.pl\/wp-content\/uploads\/2017\/08\/og1-400x283.jpg 400w, https:\/\/ellart.pl\/wp-content\/uploads\/2017\/08\/og1-600x425.jpg 600w, https:\/\/ellart.pl\/wp-content\/uploads\/2017\/08\/og1.jpg 603w\" sizes=\"(max-width: 800px) 100vw, 1100px\" \/><\/span><div class=\"fusion-clearfix\"><\/div><\/div><\/div><div class=\"fusion-one-half fusion-layout-column fusion-column-last fusion-spacing-yes\" style=\"margin-top:0px;margin-bottom:20px;\"><div class=\"fusion-column-wrapper\"><p><span style=\"color: #002440;\"><img loading=\"lazy\" class=\"alignnone size-full wp-image-905\" src=\"https:\/\/ellart.pl\/wp-content\/uploads\/2017\/08\/ico2.jpg\" alt=\"\" width=\"6\" height=\"15\" \/>\u00a0 Artystyczne zdobienie w zestawach termoizolowanych jako wk\u0142ady do drzwi i okien zewn\u0119trznych,<\/span><\/p>\n<p><span style=\"color: #002440;\"><img loading=\"lazy\" class=\"alignnone size-full wp-image-905\" src=\"https:\/\/ellart.pl\/wp-content\/uploads\/2017\/08\/ico2.jpg\" alt=\"\" width=\"6\" height=\"15\" \/>\u00a0 Artysyczne zdobienie jako szyby pojedyncze do drzwi i przeszkle\u0144 wewn\u0119trznych,<\/span><\/p>\n<p><span style=\"color: #002440;\"><img loading=\"lazy\" class=\"alignnone size-full wp-image-905\" src=\"https:\/\/ellart.pl\/wp-content\/uploads\/2017\/08\/ico2.jpg\" alt=\"\" width=\"6\" height=\"15\" \/>\u00a0 Pod\u015bwietlane obrazy witra\u017cowe w kasetonach na\u015bciennych i sufitowych,<\/span><\/p>\n<p><span style=\"color: #002440;\"><img loading=\"lazy\" class=\"alignnone size-full wp-image-905\" src=\"https:\/\/ellart.pl\/wp-content\/uploads\/2017\/08\/ico2.jpg\" alt=\"\" width=\"6\" height=\"15\" \/>\u00a0 Witra\u017ce z wykorzystaniem szlifowanych element\u00f3w (bevels\u00f3w), bezbarwnych i kolorowych, do drzwi, okien i nad\u015bwietli oraz mebli,<\/span><\/p>\n<p><span style=\"color: #002440;\"><img loading=\"lazy\" class=\"alignnone size-full wp-image-905\" src=\"https:\/\/ellart.pl\/wp-content\/uploads\/2017\/08\/ico2.jpg\" alt=\"\" width=\"6\" height=\"15\" \/>\u00a0 Parawany witra\u017cowe,<\/span><\/p>\n<p><span style=\"color: #002440;\"><img loading=\"lazy\" class=\"alignnone size-full wp-image-905\" src=\"https:\/\/ellart.pl\/wp-content\/uploads\/2017\/08\/ico2.jpg\" alt=\"\" width=\"6\" height=\"15\" \/>\u00a0 Artystyczne zdobienie luster,<\/span><\/p>\n<p><span style=\"color: #002440;\"><img loading=\"lazy\" class=\"alignnone size-full wp-image-905\" src=\"https:\/\/ellart.pl\/wp-content\/uploads\/2017\/08\/ico2.jpg\" alt=\"\" width=\"6\" height=\"15\" \/>\u00a0 Zdobimy szklane blaty sto\u0142\u00f3w, stolik\u00f3w, \u0142aw, elementy szklane lamp itp.<\/span><\/p>\n<div class=\"fusion-clearfix\"><\/div><\/div><\/div><div class=\"fusion-clearfix\"><\/div><\/div><\/div><div class=\"fusion-fullwidth fullwidth-box fusion-fullwidth-3  fusion-parallax-none nonhundred-percent-fullwidth\" style=\"border-color:#eae9e9;border-bottom-width: 0px;border-top-width: 0px;border-bottom-style: solid;border-top-style: solid;padding-bottom:16px;padding-top:16px;padding-left:;padding-right:;background-color:#ffffff;\"><style type=\"text\/css\" scoped=\"scoped\">.fusion-fullwidth-3 {\n                            padding-left: px !important;\n                            padding-right: px !important;\n                        }<\/style><div class=\"fusion-row\"><div class=\"fusion-one-full fusion-layout-column fusion-column-last fusion-spacing-yes\" style=\"margin-top:0px;margin-bottom:0px;\"><div class=\"fusion-column-wrapper\" style=\"padding:0px;\"><div class=\"imageframe-align-center\"><span class=\"fusion-imageframe imageframe-none imageframe-6 hover-type-none\"><a class=\"fusion-no-lightbox\" href=\"https:\/\/agmar.biz.pl\/pl\/home\/\" target=\"_blank\"> <img loading=\"lazy\" src=\"https:\/\/ellart.pl\/wp-content\/uploads\/2017\/09\/agmar3_pl.jpg\" alt=\"Przejd\u017a do strony Agmar\" width=\"1204\" height=\"299\"class=\"img-responsive wp-image-1264\" srcset=\"https:\/\/ellart.pl\/wp-content\/uploads\/2017\/09\/agmar3_pl-200x50.jpg 200w, https:\/\/ellart.pl\/wp-content\/uploads\/2017\/09\/agmar3_pl-400x99.jpg 400w, https:\/\/ellart.pl\/wp-content\/uploads\/2017\/09\/agmar3_pl-600x149.jpg 600w, https:\/\/ellart.pl\/wp-content\/uploads\/2017\/09\/agmar3_pl-800x199.jpg 800w, https:\/\/ellart.pl\/wp-content\/uploads\/2017\/09\/agmar3_pl-1200x298.jpg 1200w, https:\/\/ellart.pl\/wp-content\/uploads\/2017\/09\/agmar3_pl.jpg 1204w\" sizes=\"(max-width: 800px) 100vw, 1100px\" \/><\/a><\/span><\/div><div class=\"fusion-clearfix\"><\/div><\/div><\/div><div class=\"fusion-clearfix\"><\/div><\/div><\/div><div class=\"fusion-fullwidth fullwidth-box fusion-fullwidth-4  fusion-parallax-none nonhundred-percent-fullwidth\" style=\"border-color:#eae9e9;border-bottom-width: 0px;border-top-width: 0px;border-bottom-style: solid;border-top-style: solid;padding-bottom:66px;padding-top:66px;padding-left:;padding-right:;background-color:#ffffff;\"><style type=\"text\/css\" scoped=\"scoped\">.fusion-fullwidth-4 {\n                            padding-left: px !important;\n                            padding-right: px !important;\n                        }<\/style><div class=\"fusion-row\"><div class=\"fusion-two-fifth fusion-layout-column fusion-spacing-yes\" style=\"margin-top:0px;margin-bottom:0px;\"><div class=\"fusion-column-wrapper\" style=\"padding:0px;\"><div class=\"imageframe-align-center\"><span class=\"fusion-imageframe imageframe-none imageframe-7 hover-type-none\"> <img loading=\"lazy\" src=\"https:\/\/ellart.pl\/wp-content\/uploads\/2017\/08\/og3.jpg\" alt=\"\" width=\"460\" height=\"242\"class=\"img-responsive wp-image-900\" srcset=\"https:\/\/ellart.pl\/wp-content\/uploads\/2017\/08\/og3-200x105.jpg 200w, https:\/\/ellart.pl\/wp-content\/uploads\/2017\/08\/og3-400x210.jpg 400w, https:\/\/ellart.pl\/wp-content\/uploads\/2017\/08\/og3.jpg 460w\" sizes=\"(max-width: 800px) 100vw, 1100px\" \/><\/span><\/div><div class=\"fusion-clearfix\"><\/div><\/div><\/div><div class=\"fusion-three-fifth fusion-layout-column fusion-column-last fusion-spacing-yes\" style=\"margin-top:0px;margin-bottom:0px;\"><div class=\"fusion-column-wrapper\" style=\"padding:0px;\"><div class=\"imageframe-align-center\"><span class=\"fusion-imageframe imageframe-none imageframe-8 hover-type-none\"> <img loading=\"lazy\" src=\"https:\/\/ellart.pl\/wp-content\/uploads\/2017\/08\/og2.jpg\" alt=\"\" width=\"742\" height=\"245\"class=\"img-responsive wp-image-899\" srcset=\"https:\/\/ellart.pl\/wp-content\/uploads\/2017\/08\/og2-200x66.jpg 200w, https:\/\/ellart.pl\/wp-content\/uploads\/2017\/08\/og2-400x132.jpg 400w, https:\/\/ellart.pl\/wp-content\/uploads\/2017\/08\/og2-600x198.jpg 600w, https:\/\/ellart.pl\/wp-content\/uploads\/2017\/08\/og2.jpg 742w\" sizes=\"(max-width: 800px) 100vw, 1100px\" \/><\/span><\/div><div class=\"fusion-clearfix\"><\/div><\/div><\/div><div class=\"fusion-clearfix\"><\/div><\/div><\/div><div class=\"fusion-fullwidth fullwidth-box fusion-fullwidth-5  fusion-parallax-none nonhundred-percent-fullwidth\" style=\"border-color:#eae9e9;border-bottom-width: 0px;border-top-width: 0px;border-bottom-style: solid;border-top-style: solid;padding-bottom:20px;padding-top:80px;padding-left:;padding-right:;background-color:#af2434;\"><style type=\"text\/css\" scoped=\"scoped\">.fusion-fullwidth-5 {\n                            padding-left: px !important;\n                            padding-right: px !important;\n                        }<\/style><div class=\"fusion-row\"><div class=\"fusion-one-third fusion-layout-column fusion-spacing-no\" style=\"margin-top:0px;margin-bottom:20px;\"><div class=\"fusion-column-wrapper\"><span style=\"margin-right:25px;float:left;\" class=\"fusion-imageframe imageframe-none imageframe-9 hover-type-none\"> <img loading=\"lazy\" src=\"https:\/\/ellart.pl\/wp-content\/uploads\/2017\/08\/ell.png\" alt=\"\" width=\"309\" height=\"104\"class=\"img-responsive wp-image-1040\" srcset=\"https:\/\/ellart.pl\/wp-content\/uploads\/2017\/08\/ell-200x67.png 200w, https:\/\/ellart.pl\/wp-content\/uploads\/2017\/08\/ell.png 309w\" sizes=\"(max-width: 800px) 100vw, 1100px\" \/><\/span><div class=\"fusion-sep-clear\"><\/div><div class=\"fusion-separator fusion-full-width-sep sep-none\" style=\"border-color:#e0dede;margin-left: auto;margin-right: auto;margin-top:40px;\"><\/div><p><span style=\"color: #ffffff;\"><img loading=\"lazy\" class=\"alignnone size-full wp-image-1043\" src=\"https:\/\/ellart.pl\/wp-content\/uploads\/2017\/09\/ico3.png\" alt=\"\" width=\"6\" height=\"15\" \/>\u00a0 projektowanie, wizualizacje,<br \/>\n<img loading=\"lazy\" class=\"alignnone size-full wp-image-1043\" src=\"https:\/\/ellart.pl\/wp-content\/uploads\/2017\/09\/ico3.png\" alt=\"\" width=\"6\" height=\"15\" \/>\u00a0 wyklejanie folii witra\u017cowych,<br \/>\n<img loading=\"lazy\" class=\"alignnone size-full wp-image-1043\" src=\"https:\/\/ellart.pl\/wp-content\/uploads\/2017\/09\/ico3.png\" alt=\"\" width=\"6\" height=\"15\" \/>\u00a0 naklejanie aplikacji szklanych,<br \/>\n<img loading=\"lazy\" class=\"alignnone size-full wp-image-1043\" src=\"https:\/\/ellart.pl\/wp-content\/uploads\/2017\/09\/ico3.png\" alt=\"\" width=\"6\" height=\"15\" \/>\u00a0 naklejanie ta\u015bm o\u0142owianych,<br \/>\n<img loading=\"lazy\" class=\"alignnone size-full wp-image-1043\" src=\"https:\/\/ellart.pl\/wp-content\/uploads\/2017\/09\/ico3.png\" alt=\"\" width=\"6\" height=\"15\" \/>\u00a0 sk\u0142adanie pakiet\u00f3w szybowych,<br \/>\n<img loading=\"lazy\" class=\"alignnone size-full wp-image-1043\" src=\"https:\/\/ellart.pl\/wp-content\/uploads\/2017\/09\/ico3.png\" alt=\"\" width=\"6\" height=\"15\" \/>\u00a0 r\u0119czne malowanie szk\u0142a,<br \/>\n<img loading=\"lazy\" class=\"alignnone size-full wp-image-1043\" src=\"https:\/\/ellart.pl\/wp-content\/uploads\/2017\/09\/ico3.png\" alt=\"\" width=\"6\" height=\"15\" \/>\u00a0 transport.<br \/>\n<\/span><\/p>\n<div class=\"fusion-clearfix\"><\/div><\/div><\/div><div class=\"fusion-one-third fusion-layout-column fusion-spacing-no\" style=\"margin-top:0px;margin-bottom:20px;\"><div class=\"fusion-column-wrapper\"><span style=\"margin-right:25px;float:left;\" class=\"fusion-imageframe imageframe-none imageframe-10 hover-type-none\"> <img loading=\"lazy\" src=\"https:\/\/ellart.pl\/wp-content\/uploads\/2017\/08\/adt.png\" alt=\"\" width=\"309\" height=\"104\"class=\"img-responsive wp-image-1039\" srcset=\"https:\/\/ellart.pl\/wp-content\/uploads\/2017\/08\/adt-200x67.png 200w, https:\/\/ellart.pl\/wp-content\/uploads\/2017\/08\/adt.png 309w\" sizes=\"(max-width: 800px) 100vw, 1100px\" \/><\/span><div class=\"fusion-sep-clear\"><\/div><div class=\"fusion-separator fusion-full-width-sep sep-none\" style=\"border-color:#e0dede;margin-left: auto;margin-right: auto;margin-top:40px;\"><\/div><p><span style=\"color: #ffffff;\"><img loading=\"lazy\" class=\"alignnone size-full wp-image-1043\" src=\"https:\/\/ellart.pl\/wp-content\/uploads\/2017\/09\/ico3.png\" alt=\"\" width=\"6\" height=\"15\" \/>\u00a0rysunek techniczny,<br \/>\n<img loading=\"lazy\" class=\"alignnone size-full wp-image-1043\" src=\"https:\/\/ellart.pl\/wp-content\/uploads\/2017\/09\/ico3.png\" alt=\"\" width=\"6\" height=\"15\" \/>\u00a0ci\u0119cie szk\u0142a,<br \/>\n<img loading=\"lazy\" class=\"alignnone size-full wp-image-1043\" src=\"https:\/\/ellart.pl\/wp-content\/uploads\/2017\/09\/ico3.png\" alt=\"\" width=\"6\" height=\"15\" \/>\u00a0termoizolacja szk\u0142a,<br \/>\n<img loading=\"lazy\" class=\"alignnone size-full wp-image-1043\" src=\"https:\/\/ellart.pl\/wp-content\/uploads\/2017\/09\/ico3.png\" alt=\"\" width=\"6\" height=\"15\" \/>\u00a0piaskowanie szk\u0142a,<br \/>\n<img loading=\"lazy\" class=\"alignnone size-full wp-image-1043\" src=\"https:\/\/ellart.pl\/wp-content\/uploads\/2017\/09\/ico3.png\" alt=\"\" width=\"6\" height=\"15\" \/>\u00a0malowanie natryskowe szk\u0142a,<br \/>\n<img loading=\"lazy\" class=\"alignnone size-full wp-image-1043\" src=\"https:\/\/ellart.pl\/wp-content\/uploads\/2017\/09\/ico3.png\" alt=\"\" width=\"6\" height=\"15\" \/>\u00a0hartowanie szk\u0142a (zlecenie),<br \/>\n<img loading=\"lazy\" class=\"alignnone size-full wp-image-1043\" src=\"https:\/\/ellart.pl\/wp-content\/uploads\/2017\/09\/ico3.png\" alt=\"\" width=\"6\" height=\"15\" \/>\u00a0fazowanie i szlifowanie szk\u0142a.<br \/>\n<\/span><\/p>\n<div class=\"fusion-clearfix\"><\/div><\/div><\/div><div class=\"fusion-one-third fusion-layout-column fusion-column-last fusion-spacing-no\" style=\"margin-top:0px;margin-bottom:20px;\"><div class=\"fusion-column-wrapper\"><span style=\"margin-left:25px;float:right;\" class=\"fusion-imageframe imageframe-none imageframe-11 hover-type-none\"> <img loading=\"lazy\" src=\"https:\/\/ellart.pl\/wp-content\/uploads\/2017\/09\/f1.png\" alt=\"\" width=\"309\" height=\"298\"class=\"img-responsive wp-image-1050\" srcset=\"https:\/\/ellart.pl\/wp-content\/uploads\/2017\/09\/f1-200x193.png 200w, https:\/\/ellart.pl\/wp-content\/uploads\/2017\/09\/f1.png 309w\" sizes=\"(max-width: 800px) 100vw, 1100px\" \/><\/span><div class=\"fusion-clearfix\"><\/div><\/div><\/div><div class=\"fusion-clearfix\"><\/div><div class=\"fusion-sep-clear\"><\/div><div class=\"fusion-separator fusion-full-width-sep sep-none\" style=\"border-color:#e0dede;margin-left: auto;margin-right: auto;margin-top:50px;\"><\/div><\/div><\/div>\n","protected":false},"excerpt":{"rendered":"","protected":false},"author":2,"featured_media":0,"parent":0,"menu_order":0,"comment_status":"closed","ping_status":"closed","template":"100-width.php","meta":[],"_links":{"self":[{"href":"https:\/\/ellart.pl\/index.php?rest_route=\/wp\/v2\/pages\/891"}],"collection":[{"href":"https:\/\/ellart.pl\/index.php?rest_route=\/wp\/v2\/pages"}],"about":[{"href":"https:\/\/ellart.pl\/index.php?rest_route=\/wp\/v2\/types\/page"}],"author":[{"embeddable":true,"href":"https:\/\/ellart.pl\/index.php?rest_route=\/wp\/v2\/users\/2"}],"replies":[{"embeddable":true,"href":"https:\/\/ellart.pl\/index.php?rest_route=%2Fwp%2Fv2%2Fcomments&post=891"}],"version-history":[{"count":27,"href":"https:\/\/ellart.pl\/index.php?rest_route=\/wp\/v2\/pages\/891\/revisions"}],"predecessor-version":[{"id":1276,"href":"https:\/\/ellart.pl\/index.php?rest_route=\/wp\/v2\/pages\/891\/revisions\/1276"}],"wp:attachment":[{"href":"https:\/\/ellart.pl\/index.php?rest_route=%2Fwp%2Fv2%2Fmedia&parent=891"}],"curies":[{"name":"wp","href":"https:\/\/api.w.org\/{rel}","templated":true}]}}